{"id":243063,"date":"2026-05-10T19:30:46","date_gmt":"2026-05-10T18:30:46","guid":{"rendered":"https:\/\/ofrasco.bio\/politica-de-privacidad\/"},"modified":"2026-05-10T19:30:46","modified_gmt":"2026-05-10T18:30:46","slug":"politica-de-privacidad","status":"publish","type":"page","link":"https:\/\/ofrasco.bio\/es\/politica-de-privacidad\/","title":{"rendered":"Pol\u00edtica de Privacidad"},"content":{"rendered":"\n<p>&nbsp;En el \u00e1mbito del registro y acceso al sitio web, O FRASCO, en calidad de responsable del tratamiento de datos, podr\u00e1 solicitar al Usuario que facilite sus datos personales, es decir, la informaci\u00f3n facilitada por el Usuario que permita a O FRASCO identificarlo y\/o contactarlo (&#8220;Datos Personales&#8221;).<\/p>\n\n\n\n<p>Por norma, los Datos Personales se solicitan cuando el Usuario visita nuestro sitio web o desea ponerse en contacto con nosotros a trav\u00e9s del formulario habilitado para tal efecto.<\/p>\n\n\n\n<p>En el \u00e1mbito del tratamiento de los Datos del Usuario, O FRASCO recurre o podr\u00e1 recurrir a entidades terceras, subcontratadas por ella, para que, en nombre de O FRASCO y de acuerdo con sus instrucciones, procedan al tratamiento de los Datos del Usuario, en estricto cumplimiento de lo dispuesto en la ley y en la presente Pol\u00edtica de Privacidad.<\/p>\n\n\n\n<p>Estas entidades subcontratadas no podr\u00e1n transmitir los Datos del Usuario a otras entidades sin que O FRASCO haya dado, previamente y por escrito, autorizaci\u00f3n para ello, estando tambi\u00e9n impedidas de contratar a otras entidades sin la autorizaci\u00f3n previa de O FRASCO.<\/p>\n\n\n\n<p>O FRASCO se compromete a subcontratar \u00fanicamente entidades que presenten garant\u00edas suficientes para la ejecuci\u00f3n de medidas t\u00e9cnicas y organizativas adecuadas, con el fin de asegurar la defensa de los derechos del Usuario. Todas las entidades subcontratadas por O FRASCO quedan vinculadas a esta \u00faltima mediante un contrato escrito en el que se regulan, en particular, el objeto y la duraci\u00f3n del tratamiento, la naturaleza y la finalidad del tratamiento, el tipo de datos personales, las categor\u00edas de los titulares de los datos y los derechos y obligaciones de las partes.<\/p>\n\n\n\n<p>En cuanto a los principios generales relativos al tratamiento de datos personales, O FRASCO se compromete a garantizar que los Datos del Usuario tratados por ella son:<\/p>\n\n\n\n<p>\u2022 Objeto de un tratamiento l\u00edcito, leal y transparente en relaci\u00f3n con el Usuario;<\/p>\n\n\n\n<p>\u2022 Recogidos con fines determinados, expl\u00edcitos y leg\u00edtimos, y no son tratados posteriormente de manera incompatible con dichos fines;<\/p>\n\n\n\n<p>\u2022 Adecuados, pertinentes y limitados a lo necesario en relaci\u00f3n con los fines para los que son tratados;<\/p>\n\n\n\n<p>\u2022 Exactos y, si fuera necesario, actualizados, adopt\u00e1ndose todas las medidas adecuadas para que los datos inexactos, considerando los fines para los que son tratados, sean suprimidos o rectificados sin demora;<\/p>\n\n\n\n<p>\u2022 Conservados de forma que permita la identificaci\u00f3n del Usuario solo durante el tiempo necesario para los fines para los que se tratan los datos;<\/p>\n\n\n\n<p>\u2022 Tratados de manera que se garantice su seguridad, incluyendo la protecci\u00f3n contra el tratamiento no autorizado o il\u00edcito y contra su p\u00e9rdida, destrucci\u00f3n o da\u00f1o accidental, adopt\u00e1ndose las medidas t\u00e9cnicas u organizativas adecuadas.<\/p>\n\n\n\n<p>Los tratamientos de datos efectuados por O FRASCO son l\u00edcitos cuando el Usuario haya dado su consentimiento expl\u00edcito para el tratamiento de sus Datos Personales para uno o varios fines espec\u00edficos, cuando el tratamiento sea necesario para la ejecuci\u00f3n de un contrato en el que el Usuario es parte, o para gestiones precontractuales a petici\u00f3n del Usuario, para el cumplimiento de una obligaci\u00f3n jur\u00eddica a la que O FRASCO est\u00e9 sujeta y para fines de los intereses leg\u00edtimos perseguidos por O FRASCO o por terceros.<\/p>\n\n\n\n<p>O FRASCO se compromete a garantizar que el tratamiento de los Datos del Usuario solo se realiza en las condiciones arriba enumeradas y respetando los principios mencionados anteriormente.<\/p>\n\n\n\n<p>Cuando el tratamiento de los Datos del Usuario sea realizado por O FRASCO con base en el consentimiento del Usuario, este tiene derecho a retirar su consentimiento en cualquier momento. La retirada del consentimiento, sin embargo, no compromete la licitud del tratamiento efectuado por O FRASCO con base en el consentimiento previamente otorgado por el Usuario.<\/p>\n\n\n\n<p>Para garantizar la seguridad de los Datos del Usuario y la m\u00e1xima confidencialidad, tratamos la informaci\u00f3n que nos ha facilitado de forma absolutamente confidencial, de acuerdo con nuestras pol\u00edticas y procedimientos internos de seguridad y confidencialidad, los cuales se actualizan peri\u00f3dicamente seg\u00fan las necesidades, as\u00ed como de acuerdo con los t\u00e9rminos y condiciones legalmente previstos.<\/p>\n\n\n\n<p>En funci\u00f3n de la naturaleza, el alcance, el contexto y los fines del tratamiento de los datos, as\u00ed como de los riesgos derivados del tratamiento para los derechos y libertades del Usuario, O FRASCO se compromete a aplicar, tanto en el momento de la definici\u00f3n de los medios de tratamiento como en el momento del propio tratamiento, las medidas t\u00e9cnicas y organizativas necesarias y adecuadas para la protecci\u00f3n de los Datos del Usuario y el cumplimiento de los requisitos legales. Se compromete adem\u00e1s a garantizar que, por defecto, solo se traten los datos necesarios para cada fin espec\u00edfico del tratamiento y que dichos datos no se pongan a disposici\u00f3n, sin intervenci\u00f3n humana, de un n\u00famero indeterminado de personas.<\/p>\n\n\n\n<p>En determinados tipos de tratamiento, los datos personales recogidos por O FRASCO podr\u00e1n ser puestos a disposici\u00f3n de terceros, lo que puede implicar su transferencia fuera de la Uni\u00f3n Europea. En tal caso, O FRASCO se compromete a garantizar que la transferencia cumple con las disposiciones legales aplicables, especialmente en cuanto a la determinaci\u00f3n de la adecuaci\u00f3n del pa\u00eds en materia de protecci\u00f3n de datos y los requisitos aplicables a tales transferencias.<\/p>\n\n\n\n<p>El derecho de acceso, el derecho de rectificaci\u00f3n, el derecho de supresi\u00f3n, el derecho a la limitaci\u00f3n, el derecho a la portabilidad y el derecho de oposici\u00f3n pueden ser ejercidos por el Usuario contactando a trav\u00e9s del&nbsp;<a href=\"mailto:info@ofrasco.bio\">correo electr\u00f3nico<\/a>&nbsp;o a trav\u00e9s de la direcci\u00f3n Rua das Amoreiras, n.\u00ba 97 a 99, 1250-022 Lisboa.<\/p>\n\n\n\n<p>O FRASCO dar\u00e1 respuesta por escrito (preferiblemente por medios electr\u00f3nicos) a la solicitud del Usuario en un plazo m\u00e1ximo de un mes a contar desde la recepci\u00f3n de la solicitud, salvo en casos de especial complejidad, en los que dicho plazo podr\u00e1 prorrogarse hasta dos meses.<\/p>\n\n\n\n<p>El Sitio Web puede contener enlaces a sitios web o portales de terceros. O FRASCO no se responsabiliza de las pr\u00e1cticas de privacidad de tales sitios web o portales. Por ello, recomendamos que lea las respectivas declaraciones de privacidad. O FRASCO no podr\u00e1 ser considerada responsable del contenido ni de las actividades de tales sitios web o portales.<\/p>\n\n\n\n<p>En el futuro, podremos optar por modificar o actualizar esta pol\u00edtica, ya sea por cambios en la legislaci\u00f3n o para abarcar nuevos desarrollos en Internet. Por ello, nos reservamos el derecho de realizar cualquier cambio en este sentido y solicitamos que visite regularmente nuestro sitio web, ya que dichos cambios pueden afectarle como Usuario.<\/p>\n\n\n\n<p>La Pol\u00edtica de Privacidad, as\u00ed como la recogida, tratamiento o transmisi\u00f3n de los Datos del Usuario, se rigen por lo dispuesto en el Reglamento (UE) 2016\/679, del Parlamento Europeo y del Consejo, de 27 de abril de 2016, y por la legislaci\u00f3n y reglamentaci\u00f3n aplicables en Portugal.<\/p>\n\n","protected":false},"excerpt":{"rendered":"<p>&nbsp;En el \u00e1mbito del registro y acceso al sitio web, O FRASCO, en calidad de responsable del tratamiento de datos, podr\u00e1 solicitar al Usuario que facilite sus datos personales, es decir, la informaci\u00f3n facilitada por el Usuario que permita a O FRASCO identificarlo y\/o contactarlo (&#8220;Datos Personales&#8221;). Por norma, los Datos Personales se solicitan cuando [&hellip;]<\/p>\n","protected":false},"author":0,"featured_media":0,"parent":0,"menu_order":0,"comment_status":"closed","ping_status":"closed","template":"","meta":{"_acf_changed":false,"footnotes":""},"hf_cat_page":[],"class_list":["post-243063","page","type-page","status-publish","hentry"],"acf":[],"_links":{"self":[{"href":"https:\/\/ofrasco.bio\/es\/wp-json\/wp\/v2\/pages\/243063","targetHints":{"allow":["GET"]}}],"collection":[{"href":"https:\/\/ofrasco.bio\/es\/wp-json\/wp\/v2\/pages"}],"about":[{"href":"https:\/\/ofrasco.bio\/es\/wp-json\/wp\/v2\/types\/page"}],"replies":[{"embeddable":true,"href":"https:\/\/ofrasco.bio\/es\/wp-json\/wp\/v2\/comments?post=243063"}],"version-history":[{"count":0,"href":"https:\/\/ofrasco.bio\/es\/wp-json\/wp\/v2\/pages\/243063\/revisions"}],"wp:attachment":[{"href":"https:\/\/ofrasco.bio\/es\/wp-json\/wp\/v2\/media?parent=243063"}],"wp:term":[{"taxonomy":"hf_cat_page","embeddable":true,"href":"https:\/\/ofrasco.bio\/es\/wp-json\/wp\/v2\/hf_cat_page?post=243063"}],"curies":[{"name":"wp","href":"https:\/\/api.w.org\/{rel}","templated":true}]}}