{"id":243270,"date":"2024-10-20T17:50:28","date_gmt":"2024-10-20T16:50:28","guid":{"rendered":""},"modified":"2026-05-10T20:57:57","modified_gmt":"2026-05-10T19:57:57","slug":"voucher-boost-day-fr","status":"publish","type":"product","link":"https:\/\/ofrasco.bio\/fr\/produto\/voucher-boost-day-fr\/","title":{"rendered":"Bon : BOOST DAY"},"content":{"rendered":"","protected":false},"excerpt":{"rendered":"<p class=\"p1\">Emportez le BOOST DAY \u2014 une journ\u00e9e enti\u00e8re de repas pour d\u00e9toxifier, d\u00e9senflammer et donner de l&#8217;\u00e9nergie.<\/p>\n<ul>\n<li class=\"p1\"><strong>Validit\u00e9 3 mois<\/strong><\/li>\n<li class=\"p1\">\u00c0 retirer le mardi ou vendredi, \u00e0 commencer le lendemain.<\/li>\n<li class=\"p1\">Commande \u00e0 passer au moins 24h \u00e0 l&#8217;avance.<\/li>\n<\/ul>\n","protected":false},"featured_media":682,"comment_status":"closed","ping_status":"closed","template":"","meta":{"_acf_changed":false},"product_brand":[],"product_cat":[55],"product_tag":[],"class_list":{"0":"post-243270","1":"product","2":"type-product","3":"status-publish","4":"has-post-thumbnail","6":"product_cat-vouchers","8":"first","9":"instock","10":"taxable","11":"shipping-taxable","12":"purchasable","13":"product-type-variable"},"acf":[],"_links":{"self":[{"href":"https:\/\/ofrasco.bio\/fr\/wp-json\/wp\/v2\/product\/243270","targetHints":{"allow":["GET"]}}],"collection":[{"href":"https:\/\/ofrasco.bio\/fr\/wp-json\/wp\/v2\/product"}],"about":[{"href":"https:\/\/ofrasco.bio\/fr\/wp-json\/wp\/v2\/types\/product"}],"replies":[{"embeddable":true,"href":"https:\/\/ofrasco.bio\/fr\/wp-json\/wp\/v2\/comments?post=243270"}],"wp:featuredmedia":[{"embeddable":true,"href":"https:\/\/ofrasco.bio\/fr\/wp-json\/wp\/v2\/media\/682"}],"wp:attachment":[{"href":"https:\/\/ofrasco.bio\/fr\/wp-json\/wp\/v2\/media?parent=243270"}],"wp:term":[{"taxonomy":"product_brand","embeddable":true,"href":"https:\/\/ofrasco.bio\/fr\/wp-json\/wp\/v2\/product_brand?post=243270"},{"taxonomy":"product_cat","embeddable":true,"href":"https:\/\/ofrasco.bio\/fr\/wp-json\/wp\/v2\/product_cat?post=243270"},{"taxonomy":"product_tag","embeddable":true,"href":"https:\/\/ofrasco.bio\/fr\/wp-json\/wp\/v2\/product_tag?post=243270"}],"curies":[{"name":"wp","href":"https:\/\/api.w.org\/{rel}","templated":true}]}}