{"id":243273,"date":"2024-10-20T17:50:28","date_gmt":"2024-10-20T16:50:28","guid":{"rendered":""},"modified":"2026-05-10T20:57:57","modified_gmt":"2026-05-10T19:57:57","slug":"voucher-brunch-fr","status":"publish","type":"product","link":"https:\/\/ofrasco.bio\/fr\/produto\/voucher-brunch-fr\/","title":{"rendered":"Bon : BRUNCH"},"content":{"rendered":"","protected":false},"excerpt":{"rendered":"<p>Qui n&#8217;aime pas un BRUNCH bio ?!<br \/>\nOffrez un Bon Sant\u00e9 \u00e0 ceux que vous aimez le plus \u00e0 No\u00ebl !<br \/>\nUn brunch pour deux plein de saveur et de sant\u00e9 : peut-on r\u00eaver meilleur cadeau ?<\/p>\n<p class=\"p1\"><strong>Validit\u00e9 3 mois<\/strong><\/p>\n<p class=\"p1\">\u00c0 consommer au restaurant.<\/p>\n","protected":false},"featured_media":684,"comment_status":"closed","ping_status":"closed","template":"","meta":{"_acf_changed":false},"product_brand":[],"product_cat":[55],"product_tag":[],"class_list":{"0":"post-243273","1":"product","2":"type-product","3":"status-publish","4":"has-post-thumbnail","6":"product_cat-vouchers","8":"first","9":"instock","10":"downloadable","11":"virtual","12":"taxable","13":"purchasable","14":"product-type-simple"},"acf":[],"_links":{"self":[{"href":"https:\/\/ofrasco.bio\/fr\/wp-json\/wp\/v2\/product\/243273","targetHints":{"allow":["GET"]}}],"collection":[{"href":"https:\/\/ofrasco.bio\/fr\/wp-json\/wp\/v2\/product"}],"about":[{"href":"https:\/\/ofrasco.bio\/fr\/wp-json\/wp\/v2\/types\/product"}],"replies":[{"embeddable":true,"href":"https:\/\/ofrasco.bio\/fr\/wp-json\/wp\/v2\/comments?post=243273"}],"wp:featuredmedia":[{"embeddable":true,"href":"https:\/\/ofrasco.bio\/fr\/wp-json\/wp\/v2\/media\/684"}],"wp:attachment":[{"href":"https:\/\/ofrasco.bio\/fr\/wp-json\/wp\/v2\/media?parent=243273"}],"wp:term":[{"taxonomy":"product_brand","embeddable":true,"href":"https:\/\/ofrasco.bio\/fr\/wp-json\/wp\/v2\/product_brand?post=243273"},{"taxonomy":"product_cat","embeddable":true,"href":"https:\/\/ofrasco.bio\/fr\/wp-json\/wp\/v2\/product_cat?post=243273"},{"taxonomy":"product_tag","embeddable":true,"href":"https:\/\/ofrasco.bio\/fr\/wp-json\/wp\/v2\/product_tag?post=243273"}],"curies":[{"name":"wp","href":"https:\/\/api.w.org\/{rel}","templated":true}]}}