{"id":243330,"date":"2025-12-11T14:08:56","date_gmt":"2025-12-11T14:08:56","guid":{"rendered":""},"modified":"2026-05-10T20:57:58","modified_gmt":"2026-05-10T19:57:58","slug":"marmelada-spicy-fr","status":"publish","type":"product","link":"https:\/\/ofrasco.bio\/fr\/produto\/marmelada-spicy-fr\/","title":{"rendered":"Marmelade \u00c9pic\u00e9e"},"content":{"rendered":"","protected":false},"excerpt":{"rendered":"<h3><strong>Ingr\u00e9dients :<\/strong><\/h3>\n<p class=\"p1\">P\u00e2te de Coing, Sucre Roux et Piment<\/p>\n","protected":false},"featured_media":242895,"comment_status":"closed","ping_status":"closed","template":"","meta":{"_acf_changed":false},"product_brand":[],"product_cat":[49,64,65,28,75],"product_tag":[],"class_list":{"0":"post-243330","1":"product","2":"type-product","3":"status-publish","4":"has-post-thumbnail","6":"product_cat-loja-de-natal","7":"product_cat-natal-2024","8":"product_cat-picantes-100ml","9":"product_cat-preco-fixo","10":"product_cat-vivus","12":"first","13":"instock","14":"taxable","15":"shipping-taxable","16":"purchasable","17":"product-type-simple"},"acf":[],"_links":{"self":[{"href":"https:\/\/ofrasco.bio\/fr\/wp-json\/wp\/v2\/product\/243330","targetHints":{"allow":["GET"]}}],"collection":[{"href":"https:\/\/ofrasco.bio\/fr\/wp-json\/wp\/v2\/product"}],"about":[{"href":"https:\/\/ofrasco.bio\/fr\/wp-json\/wp\/v2\/types\/product"}],"replies":[{"embeddable":true,"href":"https:\/\/ofrasco.bio\/fr\/wp-json\/wp\/v2\/comments?post=243330"}],"wp:featuredmedia":[{"embeddable":true,"href":"https:\/\/ofrasco.bio\/fr\/wp-json\/wp\/v2\/media\/242895"}],"wp:attachment":[{"href":"https:\/\/ofrasco.bio\/fr\/wp-json\/wp\/v2\/media?parent=243330"}],"wp:term":[{"taxonomy":"product_brand","embeddable":true,"href":"https:\/\/ofrasco.bio\/fr\/wp-json\/wp\/v2\/product_brand?post=243330"},{"taxonomy":"product_cat","embeddable":true,"href":"https:\/\/ofrasco.bio\/fr\/wp-json\/wp\/v2\/product_cat?post=243330"},{"taxonomy":"product_tag","embeddable":true,"href":"https:\/\/ofrasco.bio\/fr\/wp-json\/wp\/v2\/product_tag?post=243330"}],"curies":[{"name":"wp","href":"https:\/\/api.w.org\/{rel}","templated":true}]}}